{"id":10856,"date":"2026-04-13T17:13:21","date_gmt":"2026-04-13T15:13:21","guid":{"rendered":"https:\/\/www.apuestasbono.com\/es\/?page_id=10856"},"modified":"2026-04-13T17:19:31","modified_gmt":"2026-04-13T15:19:31","slug":"faq-espana","status":"publish","type":"page","link":"https:\/\/www.apuestasbono.com\/es\/faq-espana\/","title":{"rendered":"Apuestas deportivas en Espa\u00f1a: preguntas frecuentes (FAQ)"},"content":{"rendered":"<p data-section-id=\"9rvrx7\" data-start=\"773\" data-end=\"812\">Las apuestas deportivas en Espa\u00f1a son una actividad completamente legal y regulada por la <a href=\"http:\/\/ordenacionjuego.es\/\">Direcci\u00f3n General de Ordenaci\u00f3n del Juego<\/a> (DGOJ). Cada vez m\u00e1s usuarios buscan informaci\u00f3n sobre c\u00f3mo funcionan las apuestas deportivas en Espa\u00f1a, qu\u00e9 casas de apuestas son seguras y qu\u00e9 m\u00e9todos de pago pueden utilizar. En esta gu\u00eda respondemos las preguntas m\u00e1s frecuentes para ayudarte a entender todo lo necesario antes de empezar.<\/p>\n<h2 data-section-id=\"9rvrx7\" data-start=\"773\" data-end=\"812\">FAQ \u2013 Apuestas deportivas en Espa\u00f1a<\/h2>\n<h3 data-section-id=\"1h57og4\" data-start=\"814\" data-end=\"882\">1. \u00bfSon legales las apuestas deportivas en Espa\u00f1a actualmente?<\/h3>\n<p data-start=\"883\" data-end=\"963\">S\u00ed, las apuestas deportivas en Espa\u00f1a son legales y est\u00e1n reguladas por la DGOJ.<\/p>\n<h3 data-section-id=\"m9ezm2\" data-start=\"965\" data-end=\"990\">2. \u00bfQu\u00e9 es la DGOJ?<\/h3>\n<p data-start=\"991\" data-end=\"1090\">Es la Direcci\u00f3n General de Ordenaci\u00f3n del Juego, el organismo que regula el <a href=\"https:\/\/www.apuestasbono.com\/es\/\">juego online en Espa\u00f1a<\/a>.<\/p>\n<h3 data-section-id=\"138cr8z\" data-start=\"1092\" data-end=\"1151\">3. \u00bfC\u00f3mo funcionan las apuestas deportivas en Espa\u00f1a?<\/h3>\n<p data-start=\"1152\" data-end=\"1240\">Consisten en predecir resultados deportivos y apostar dinero en plataformas autorizadas.<\/p>\n<h3 data-section-id=\"1aivo82\" data-start=\"1242\" data-end=\"1303\">4. \u00bfCu\u00e1les son las casas de apuestas legales en Espa\u00f1a?<\/h3>\n<p data-start=\"1304\" data-end=\"1378\">Son aquellas con licencia de la DGOJ, como <a href=\"https:\/\/www.apuestasbono.com\/es\/casas-de-apuestas\/bet365\/\">Bet365<\/a>, <a href=\"https:\/\/www.apuestasbono.com\/es\/casas-de-apuestas\/codere\/\">Codere<\/a>, <a href=\"https:\/\/www.apuestasbono.com\/es\/casas-de-apuestas\/retabet\/\">Retabet<\/a> o <a href=\"https:\/\/www.apuestasbono.com\/es\/casas-de-apuestas\/betsson\/\">Betsson<\/a>.<\/p>\n<h3 data-section-id=\"8mmeii\" data-start=\"1380\" data-end=\"1430\">5. \u00bfQu\u00e9 es una cuota en apuestas deportivas?<\/h3>\n<p data-start=\"1431\" data-end=\"1501\">Es el valor que determina cu\u00e1nto dinero puedes ganar seg\u00fan tu apuesta.<\/p>\n<h3 data-section-id=\"84hfar\" data-start=\"1503\" data-end=\"1553\">6. \u00bfQu\u00e9 tipos de apuestas existen en Espa\u00f1a?<\/h3>\n<p data-start=\"1554\" data-end=\"1615\"><a href=\"https:\/\/www.apuestasbono.com\/es\/diccionario\/apuesta-simple-la-base-de-las-apuestas-deportivas-explicada\/\">Apuestas simples<\/a>, <a href=\"https:\/\/www.apuestasbono.com\/es\/diccionario\/parlay-multiplica-tu-cuota-con-apuestas-enlazadas\/\">combinadas<\/a>, <a href=\"https:\/\/www.apuestasbono.com\/es\/diccionario\/apuestas-en-vivo-como-apostar-con-inteligencia-en-tiempo-real\/\">en vivo<\/a>, <a href=\"https:\/\/www.apuestasbono.com\/es\/diccionario\/handicap-guia-rapida-para-apostar-con-ventaja-virtual\/\">h\u00e1ndicap<\/a> y <a href=\"https:\/\/www.apuestasbono.com\/es\/diccionario\/apuesta-over-under-como-leer-la-linea-y-encontrar-valor\/\">over\/under<\/a>.<\/p>\n<h3 data-section-id=\"deqqhl\" data-start=\"1617\" data-end=\"1656\">7. \u00bfQu\u00e9 es una apuesta combinada?<\/h3>\n<p data-start=\"1657\" data-end=\"1718\">Es una apuesta que incluye varios eventos en un mismo boleto.<\/p>\n<h3 data-section-id=\"1apka1n\" data-start=\"1720\" data-end=\"1757\">8. \u00bfQu\u00e9 es una apuesta en vivo?<\/h3>\n<p data-start=\"1758\" data-end=\"1831\">Es una apuesta que se realiza mientras el evento deportivo est\u00e1 en juego.<\/p>\n<h3 data-section-id=\"1g8z03r\" data-start=\"1833\" data-end=\"1874\">9. \u00bfQu\u00e9 es el bankroll en apuestas?<\/h3>\n<p data-start=\"1875\" data-end=\"1926\">Es el dinero destinado exclusivamente para apostar.<\/p>\n<h3 data-section-id=\"1y3qagt\" data-start=\"1928\" data-end=\"1975\">10. \u00bfQu\u00e9 es una apuesta gratis o freebet?<\/h3>\n<p data-start=\"1976\" data-end=\"2067\">Es una apuesta promocional sin riesgo que permite obtener ganancias sin usar dinero propio.<\/p>\n<h3 data-section-id=\"mrqoj5\" data-start=\"2069\" data-end=\"2120\">11. \u00bfQu\u00e9 son los bonos de apuestas en Espa\u00f1a?<\/h3>\n<p data-start=\"2121\" data-end=\"2199\">Son promociones que ofrecen dinero adicional o apuestas gratis a los usuarios.<\/p>\n<h3 data-section-id=\"1de023o\" data-start=\"2201\" data-end=\"2254\">12. \u00bfSe pueden retirar las ganancias en Espa\u00f1a?<\/h3>\n<p data-start=\"2255\" data-end=\"2321\">S\u00ed, siempre que se cumplan las condiciones de la<a href=\"https:\/\/www.apuestasbono.com\/es\/casas-de-apuestas\/\"> casa de apuestas<\/a>.<\/p>\n<h3 data-section-id=\"2hylej\" data-start=\"2323\" data-end=\"2372\">13. \u00bfQu\u00e9 m\u00e9todos de pago se usan en Espa\u00f1a?<\/h3>\n<p data-start=\"2373\" data-end=\"2441\"><a href=\"https:\/\/www.apuestasbono.com\/es\/paypal\/\">PayPal<\/a>, tarjetas Visa\/Mastercard, Skrill y transferencias bancarias.<\/p>\n<h3 data-section-id=\"1dxhpl7\" data-start=\"2443\" data-end=\"2500\">14. \u00bfCu\u00e1nto tarda un retiro en apuestas deportivas?<\/h3>\n<p data-start=\"2501\" data-end=\"2557\">Normalmente entre 24 y 72 horas, dependiendo del m\u00e9todo.<\/p>\n<h3 data-section-id=\"lsrgap\" data-start=\"2559\" data-end=\"2603\">15. \u00bfQu\u00e9 es la verificaci\u00f3n de cuenta?<\/h3>\n<p data-start=\"2604\" data-end=\"2670\">Es el proceso para confirmar tu identidad antes de retirar dinero.<\/p>\n<h3 data-section-id=\"1gzx3yc\" data-start=\"2672\" data-end=\"2726\">16. \u00bfPor qu\u00e9 debo verificar mi cuenta en Espa\u00f1a?<\/h3>\n<p data-start=\"2727\" data-end=\"2785\">Para cumplir la normativa legal y poder retirar ganancias.<\/p>\n<h3 data-section-id=\"mamqbm\" data-start=\"2787\" data-end=\"2839\">17. \u00bfQu\u00e9 deportes se pueden apostar en Espa\u00f1a?<\/h3>\n<p data-start=\"2840\" data-end=\"2896\">F\u00fatbol, tenis, baloncesto, ciclismo, entre muchos otros.<\/p>\n<h3 data-section-id=\"1yzcc14\" data-start=\"2898\" data-end=\"2951\">18. \u00bfCu\u00e1l es el deporte m\u00e1s apostado en Espa\u00f1a?<\/h3>\n<p data-start=\"2952\" data-end=\"3001\">El f\u00fatbol es el deporte m\u00e1s popular para apostar.<\/p>\n<h3 data-section-id=\"fg15tx\" data-start=\"3003\" data-end=\"3033\">19. \u00bfQu\u00e9 es el cash out?<\/h3>\n<p data-start=\"3034\" data-end=\"3102\">Es una funci\u00f3n que permite cerrar una apuesta antes de que finalice.<\/p>\n<h3 data-section-id=\"1epq4vw\" data-start=\"3104\" data-end=\"3157\">20. \u00bfSe puede apostar desde el m\u00f3vil en Espa\u00f1a?<\/h3>\n<p data-start=\"3158\" data-end=\"3223\">S\u00ed, <a href=\"https:\/\/www.apuestasbono.com\/es\/casas-de-apuestas\/\">todas las casas de apuestas<\/a> ofrecen apps o versiones m\u00f3viles.<\/p>\n<h3 data-section-id=\"19v1qbr\" data-start=\"3225\" data-end=\"3264\">21. \u00bfQu\u00e9 es el juego responsable?<\/h3>\n<p data-start=\"3265\" data-end=\"3329\">Es apostar de forma controlada sin afectar tu econom\u00eda personal.<\/p>\n<h3 data-section-id=\"7991vc\" data-start=\"3331\" data-end=\"3384\">22. \u00bfSe puede perder m\u00e1s dinero del depositado?<\/h3>\n<p data-start=\"3385\" data-end=\"3436\">No, solo puedes perder el dinero que has ingresado.<\/p>\n<h3 data-section-id=\"112os7\" data-start=\"3438\" data-end=\"3477\">23. \u00bfQu\u00e9 es una apuesta h\u00e1ndicap?<\/h3>\n<p data-start=\"3478\" data-end=\"3542\">Es una apuesta que ajusta el resultado con ventaja o desventaja.<\/p>\n<h3 data-section-id=\"1x0dbqa\" data-start=\"3544\" data-end=\"3592\">24. \u00bfQu\u00e9 significa over\/under en apuestas?<\/h3>\n<p data-start=\"3593\" data-end=\"3655\">Es apostar si habr\u00e1 m\u00e1s o menos goles o puntos de lo previsto.<\/p>\n<h3 data-section-id=\"epe004\" data-start=\"3657\" data-end=\"3702\">25. \u00bfQu\u00e9 pasa si se cancela un partido?<\/h3>\n<p data-start=\"3703\" data-end=\"3747\">La apuesta se anula y se devuelve el dinero.<\/p>\n<h3 data-section-id=\"p7un\" data-start=\"3749\" data-end=\"3811\">26. \u00bfEs seguro apostar en apuestas deportivas en Espa\u00f1a?<\/h3>\n<p data-start=\"3812\" data-end=\"3871\">S\u00ed, siempre que utilices plataformas reguladas por la DGOJ.<\/p>\n<h3 data-section-id=\"g5y2vh\" data-start=\"3873\" data-end=\"3931\">27. \u00bfSe pagan impuestos por las ganancias en Espa\u00f1a?<\/h3>\n<p data-start=\"3932\" data-end=\"4001\">S\u00ed, las ganancias deben declararse seg\u00fan la normativa fiscal vigente.<\/p>\n<h3 data-section-id=\"hobvre\" data-start=\"4003\" data-end=\"4040\">28. \u00bfQu\u00e9 es una apuesta simple?<\/h3>\n<p data-start=\"4041\" data-end=\"4083\">Es una apuesta a un solo evento deportivo.<\/p>\n<h3 data-section-id=\"1uc5bxm\" data-start=\"4085\" data-end=\"4144\">29. \u00bfC\u00f3mo elegir la mejor casa de apuestas en Espa\u00f1a?<\/h3>\n<p data-start=\"4145\" data-end=\"4199\">Comparando bonos, cuotas, m\u00e9todos de pago y seguridad.<\/p>\n<h3 data-section-id=\"1dklh1c\" data-start=\"4201\" data-end=\"4254\">30. \u00bfCu\u00e1l es el mejor m\u00e9todo de pago en Espa\u00f1a?<\/h3>\n<p data-start=\"4255\" data-end=\"4318\">Depende del usuario, pero PayPal y tarjetas son muy utilizados.<\/p>\n<p data-start=\"4255\" data-end=\"4318\">Las apuestas deportivas en Espa\u00f1a ofrecen una experiencia segura y regulada siempre que se utilicen plataformas autorizadas y se comprendan sus condiciones.<\/p>\n","protected":false},"excerpt":{"rendered":"<p>Las apuestas deportivas en Espa\u00f1a son una actividad completamente legal y regulada por la Direcci\u00f3n General de Ordenaci\u00f3n del Juego (DGOJ). Cada vez m\u00e1s usuarios buscan informaci\u00f3n sobre c\u00f3mo funcionan las apuestas deportivas en Espa\u00f1a, qu\u00e9 casas de apuestas son seguras y qu\u00e9 m\u00e9todos de pago pueden utilizar. En esta gu\u00eda respondemos las preguntas m\u00e1s&#8230;<\/p>\n","protected":false},"author":8,"featured_media":0,"parent":0,"menu_order":0,"comment_status":"closed","ping_status":"closed","template":"","meta":{"footnotes":""},"class_list":["post-10856","page","type-page","status-publish","hentry"],"yoast_head":"<!-- This site is optimized with the Yoast SEO Premium plugin v27.0 (Yoast SEO v27.2) - https:\/\/yoast.com\/product\/yoast-seo-premium-wordpress\/ -->\n<title>Apuestas deportivas en Espa\u00f1a: preguntas frecuentes (FAQ) - Apuestas Bono Espa\u00f1a<\/title>\n<meta name=\"description\" content=\"Las apuestas deportivas en Espa\u00f1a ofrecen una experiencia segura y regulada siempre que se utilicen plataformas autorizadas.\" \/>\n<meta name=\"robots\" content=\"index, follow, max-snippet:-1, max-image-preview:large, max-video-preview:-1\" \/>\n<link rel=\"canonical\" href=\"https:\/\/www.apuestasbono.com\/es\/faq-espana\/\" \/>\n<meta property=\"og:locale\" content=\"es_ES\" \/>\n<meta property=\"og:type\" content=\"article\" \/>\n<meta property=\"og:title\" content=\"Apuestas deportivas en Espa\u00f1a: preguntas frecuentes (FAQ)\" \/>\n<meta property=\"og:description\" content=\"Las apuestas deportivas en Espa\u00f1a ofrecen una experiencia segura y regulada siempre que se utilicen plataformas autorizadas.\" \/>\n<meta property=\"og:url\" content=\"https:\/\/www.apuestasbono.com\/es\/faq-espana\/\" \/>\n<meta property=\"og:site_name\" content=\"Apuestas Bono Espa\u00f1a\" \/>\n<meta property=\"article:modified_time\" content=\"2026-04-13T15:19:31+00:00\" \/>\n<meta name=\"twitter:card\" content=\"summary_large_image\" \/>\n<meta name=\"twitter:label1\" content=\"Tiempo de lectura\" \/>\n\t<meta name=\"twitter:data1\" content=\"3 minutos\" \/>\n<script type=\"application\/ld+json\" class=\"yoast-schema-graph\">{\"@context\":\"https:\/\/schema.org\",\"@graph\":[{\"@type\":\"WebPage\",\"@id\":\"https:\/\/www.apuestasbono.com\/es\/faq-espana\/\",\"url\":\"https:\/\/www.apuestasbono.com\/es\/faq-espana\/\",\"name\":\"Apuestas deportivas en Espa\u00f1a: preguntas frecuentes (FAQ) - Apuestas Bono Espa\u00f1a\",\"isPartOf\":{\"@id\":\"https:\/\/www.apuestasbono.com\/es\/#website\"},\"datePublished\":\"2026-04-13T15:13:21+00:00\",\"dateModified\":\"2026-04-13T15:19:31+00:00\",\"description\":\"Las apuestas deportivas en Espa\u00f1a ofrecen una experiencia segura y regulada siempre que se utilicen plataformas autorizadas.\",\"breadcrumb\":{\"@id\":\"https:\/\/www.apuestasbono.com\/es\/faq-espana\/#breadcrumb\"},\"inLanguage\":\"es\",\"potentialAction\":[{\"@type\":\"ReadAction\",\"target\":[\"https:\/\/www.apuestasbono.com\/es\/faq-espana\/\"]}]},{\"@type\":\"BreadcrumbList\",\"@id\":\"https:\/\/www.apuestasbono.com\/es\/faq-espana\/#breadcrumb\",\"itemListElement\":[{\"@type\":\"ListItem\",\"position\":1,\"name\":\"Home\",\"item\":\"https:\/\/www.apuestasbono.com\/es\/\"},{\"@type\":\"ListItem\",\"position\":2,\"name\":\"Apuestas deportivas en Espa\u00f1a: preguntas frecuentes (FAQ)\"}]},{\"@type\":\"WebSite\",\"@id\":\"https:\/\/www.apuestasbono.com\/es\/#website\",\"url\":\"https:\/\/www.apuestasbono.com\/es\/\",\"name\":\"Apuestas Bono Espa\u00f1a\",\"description\":\"\",\"publisher\":{\"@id\":\"https:\/\/www.apuestasbono.com\/es\/#organization\"},\"potentialAction\":[{\"@type\":\"SearchAction\",\"target\":{\"@type\":\"EntryPoint\",\"urlTemplate\":\"https:\/\/www.apuestasbono.com\/es\/?s={search_term_string}\"},\"query-input\":{\"@type\":\"PropertyValueSpecification\",\"valueRequired\":true,\"valueName\":\"search_term_string\"}}],\"inLanguage\":\"es\"},{\"@type\":\"Organization\",\"@id\":\"https:\/\/www.apuestasbono.com\/es\/#organization\",\"name\":\"Apuestas Bono Espa\u00f1a\",\"url\":\"https:\/\/www.apuestasbono.com\/es\/\",\"logo\":{\"@type\":\"ImageObject\",\"inLanguage\":\"es\",\"@id\":\"https:\/\/www.apuestasbono.com\/es\/#\/schema\/logo\/image\/\",\"url\":\"https:\/\/www.apuestasbono.com\/es\/wp-content\/uploads\/sites\/2\/2025\/06\/default.png\",\"contentUrl\":\"https:\/\/www.apuestasbono.com\/es\/wp-content\/uploads\/sites\/2\/2025\/06\/default.png\",\"width\":173,\"height\":173,\"caption\":\"Apuestas Bono Espa\u00f1a\"},\"image\":{\"@id\":\"https:\/\/www.apuestasbono.com\/es\/#\/schema\/logo\/image\/\"}}]}<\/script>\n<!-- \/ Yoast SEO Premium plugin. -->","yoast_head_json":{"title":"Apuestas deportivas en Espa\u00f1a: preguntas frecuentes (FAQ) - Apuestas Bono Espa\u00f1a","description":"Las apuestas deportivas en Espa\u00f1a ofrecen una experiencia segura y regulada siempre que se utilicen plataformas autorizadas.","robots":{"index":"index","follow":"follow","max-snippet":"max-snippet:-1","max-image-preview":"max-image-preview:large","max-video-preview":"max-video-preview:-1"},"canonical":"https:\/\/www.apuestasbono.com\/es\/faq-espana\/","og_locale":"es_ES","og_type":"article","og_title":"Apuestas deportivas en Espa\u00f1a: preguntas frecuentes (FAQ)","og_description":"Las apuestas deportivas en Espa\u00f1a ofrecen una experiencia segura y regulada siempre que se utilicen plataformas autorizadas.","og_url":"https:\/\/www.apuestasbono.com\/es\/faq-espana\/","og_site_name":"Apuestas Bono Espa\u00f1a","article_modified_time":"2026-04-13T15:19:31+00:00","twitter_card":"summary_large_image","twitter_misc":{"Tiempo de lectura":"3 minutos"},"schema":{"@context":"https:\/\/schema.org","@graph":[{"@type":"WebPage","@id":"https:\/\/www.apuestasbono.com\/es\/faq-espana\/","url":"https:\/\/www.apuestasbono.com\/es\/faq-espana\/","name":"Apuestas deportivas en Espa\u00f1a: preguntas frecuentes (FAQ) - Apuestas Bono Espa\u00f1a","isPartOf":{"@id":"https:\/\/www.apuestasbono.com\/es\/#website"},"datePublished":"2026-04-13T15:13:21+00:00","dateModified":"2026-04-13T15:19:31+00:00","description":"Las apuestas deportivas en Espa\u00f1a ofrecen una experiencia segura y regulada siempre que se utilicen plataformas autorizadas.","breadcrumb":{"@id":"https:\/\/www.apuestasbono.com\/es\/faq-espana\/#breadcrumb"},"inLanguage":"es","potentialAction":[{"@type":"ReadAction","target":["https:\/\/www.apuestasbono.com\/es\/faq-espana\/"]}]},{"@type":"BreadcrumbList","@id":"https:\/\/www.apuestasbono.com\/es\/faq-espana\/#breadcrumb","itemListElement":[{"@type":"ListItem","position":1,"name":"Home","item":"https:\/\/www.apuestasbono.com\/es\/"},{"@type":"ListItem","position":2,"name":"Apuestas deportivas en Espa\u00f1a: preguntas frecuentes (FAQ)"}]},{"@type":"WebSite","@id":"https:\/\/www.apuestasbono.com\/es\/#website","url":"https:\/\/www.apuestasbono.com\/es\/","name":"Apuestas Bono Espa\u00f1a","description":"","publisher":{"@id":"https:\/\/www.apuestasbono.com\/es\/#organization"},"potentialAction":[{"@type":"SearchAction","target":{"@type":"EntryPoint","urlTemplate":"https:\/\/www.apuestasbono.com\/es\/?s={search_term_string}"},"query-input":{"@type":"PropertyValueSpecification","valueRequired":true,"valueName":"search_term_string"}}],"inLanguage":"es"},{"@type":"Organization","@id":"https:\/\/www.apuestasbono.com\/es\/#organization","name":"Apuestas Bono Espa\u00f1a","url":"https:\/\/www.apuestasbono.com\/es\/","logo":{"@type":"ImageObject","inLanguage":"es","@id":"https:\/\/www.apuestasbono.com\/es\/#\/schema\/logo\/image\/","url":"https:\/\/www.apuestasbono.com\/es\/wp-content\/uploads\/sites\/2\/2025\/06\/default.png","contentUrl":"https:\/\/www.apuestasbono.com\/es\/wp-content\/uploads\/sites\/2\/2025\/06\/default.png","width":173,"height":173,"caption":"Apuestas Bono Espa\u00f1a"},"image":{"@id":"https:\/\/www.apuestasbono.com\/es\/#\/schema\/logo\/image\/"}}]}},"_links":{"self":[{"href":"https:\/\/www.apuestasbono.com\/es\/wp-json\/wp\/v2\/pages\/10856","targetHints":{"allow":["GET"]}}],"collection":[{"href":"https:\/\/www.apuestasbono.com\/es\/wp-json\/wp\/v2\/pages"}],"about":[{"href":"https:\/\/www.apuestasbono.com\/es\/wp-json\/wp\/v2\/types\/page"}],"author":[{"embeddable":true,"href":"https:\/\/www.apuestasbono.com\/es\/wp-json\/wp\/v2\/users\/8"}],"replies":[{"embeddable":true,"href":"https:\/\/www.apuestasbono.com\/es\/wp-json\/wp\/v2\/comments?post=10856"}],"version-history":[{"count":3,"href":"https:\/\/www.apuestasbono.com\/es\/wp-json\/wp\/v2\/pages\/10856\/revisions"}],"predecessor-version":[{"id":10860,"href":"https:\/\/www.apuestasbono.com\/es\/wp-json\/wp\/v2\/pages\/10856\/revisions\/10860"}],"wp:attachment":[{"href":"https:\/\/www.apuestasbono.com\/es\/wp-json\/wp\/v2\/media?parent=10856"}],"curies":[{"name":"wp","href":"https:\/\/api.w.org\/{rel}","templated":true}]}}