{"id":9,"date":"2024-11-21T16:01:25","date_gmt":"2024-11-21T16:01:25","guid":{"rendered":"https:\/\/www.apuestasbono.com\/ec\/?page_id=9"},"modified":"2025-11-10T23:06:21","modified_gmt":"2025-11-10T23:06:21","slug":"terminos-y-condiciones","status":"publish","type":"page","link":"https:\/\/www.apuestasbono.com\/ec\/terminos-y-condiciones\/","title":{"rendered":"T\u00e9rminos y condiciones"},"content":{"rendered":"<hr data-start=\"461\" data-end=\"464\" \/>\n<h3 data-start=\"466\" data-end=\"515\"><strong data-start=\"470\" data-end=\"515\">T\u00e9rminos y Condiciones \u2013 ApuestasBono.com<\/strong><\/h3>\n<h4 data-start=\"517\" data-end=\"552\"><strong data-start=\"522\" data-end=\"552\">1. Disposiciones Generales<\/strong><\/h4>\n<p data-start=\"554\" data-end=\"961\">Estos T\u00e9rminos y Condiciones (en adelante, los \u201cT\u00e9rminos\u201d) se aplican a todos los usuarios del sitio web ApuestasBono.com (en adelante, el \u201cSitio\u201d) y de los servicios ofrecidos a trav\u00e9s del mismo.<br data-start=\"750\" data-end=\"753\" \/><strong data-start=\"753\" data-end=\"772\">En consecuencia<\/strong>, al acceder o utilizar este Sitio, usted acepta quedar vinculado por estos T\u00e9rminos. <strong data-start=\"858\" data-end=\"882\">Si, por el contrario<\/strong>, no est\u00e1 de acuerdo con ellos, debe abstenerse de utilizar nuestros servicios.<\/p>\n<p data-start=\"963\" data-end=\"1094\">El Sitio es operado por <strong data-start=\"987\" data-end=\"1002\">HC Media AB<\/strong>, sociedad limitada registrada en Suecia.<br data-start=\"1043\" data-end=\"1046\" \/><strong data-start=\"1046\" data-end=\"1063\">En particular<\/strong>, sus datos son los siguientes:<\/p>\n<ul data-start=\"1096\" data-end=\"1220\">\n<li data-start=\"1096\" data-end=\"1131\">\n<p data-start=\"1098\" data-end=\"1131\">N\u00famero de registro: 559481-5101<\/p>\n<\/li>\n<li data-start=\"1132\" data-end=\"1174\">\n<p data-start=\"1134\" data-end=\"1174\">Domicilio social: \u00d6rnsk\u00f6ldsvik, Suecia<\/p>\n<\/li>\n<li data-start=\"1175\" data-end=\"1220\">\n<p data-start=\"1177\" data-end=\"1220\">Correo electr\u00f3nico: <a class=\"decorated-link cursor-pointer\" rel=\"noopener\" data-start=\"1197\" data-end=\"1218\">compliance@hcmedia.se<\/a><\/p>\n<\/li>\n<\/ul>\n<p data-start=\"1222\" data-end=\"1361\"><strong data-start=\"1222\" data-end=\"1243\">Cabe destacar que<\/strong> HC Media AB act\u00faa exclusivamente como sitio afiliado y no ofrece directamente servicios de apuestas o juegos de azar.<\/p>\n<h4 data-start=\"1363\" data-end=\"1411\"><strong data-start=\"1368\" data-end=\"1411\">2. Legislaci\u00f3n Aplicable y Jurisdicci\u00f3n<\/strong><\/h4>\n<p data-start=\"1413\" data-end=\"1825\">Estos T\u00e9rminos se regir\u00e1n e interpretar\u00e1n de conformidad con las leyes de Suecia, <strong data-start=\"1495\" data-end=\"1515\">sin perjuicio de<\/strong> las normas sobre conflicto de leyes.<br data-start=\"1552\" data-end=\"1555\" \/><strong data-start=\"1555\" data-end=\"1567\">Asimismo<\/strong>, cualquier disputa, controversia o reclamaci\u00f3n derivada o relacionada con estos T\u00e9rminos ser\u00e1 sometida a la jurisdicci\u00f3n exclusiva del <strong data-start=\"1703\" data-end=\"1769\">Tribunal de Distrito de \u00c5ngermanland (\u00c5ngermanlands tingsr\u00e4tt)<\/strong>, H\u00e4rn\u00f6sand, Suecia, como tribunal de primera instancia.<\/p>\n<p data-start=\"1827\" data-end=\"2104\"><strong data-start=\"1827\" data-end=\"1842\">No obstante<\/strong>, cuando las leyes imperativas del pa\u00eds de residencia del usuario (por ejemplo, Chile, Per\u00fa, Colombia, Argentina, Ecuador, M\u00e9xico o Espa\u00f1a) difieran de lo dispuesto en estos T\u00e9rminos, dichas disposiciones obligatorias <strong data-start=\"2060\" data-end=\"2103\">prevalecer\u00e1n en la medida de lo posible<\/strong>.<\/p>\n<h4 data-start=\"2106\" data-end=\"2135\"><strong data-start=\"2111\" data-end=\"2135\">3. Juego Responsable<\/strong><\/h4>\n<p data-start=\"2137\" data-end=\"2465\">El Sitio est\u00e1 destinado \u00fanicamente a usuarios mayores de 18 a\u00f1os o que hayan alcanzado la edad m\u00ednima legal para apostar en su jurisdicci\u00f3n, <strong data-start=\"2278\" data-end=\"2299\">seg\u00fan corresponda<\/strong>.<br data-start=\"2300\" data-end=\"2303\" \/><strong data-start=\"2303\" data-end=\"2313\">Adem\u00e1s<\/strong>, promovemos activamente el juego responsable e instamos a los usuarios que experimenten problemas relacionados con el juego a buscar ayuda profesional.<\/p>\n<p data-start=\"2467\" data-end=\"2653\"><strong data-start=\"2467\" data-end=\"2483\">Por lo tanto<\/strong>, HC Media AB no ofrece servicios de apuestas directamente, sino que act\u00faa como intermediario o afiliado y puede recibir comisiones de operadores debidamente licenciados.<\/p>\n<h4 data-start=\"2655\" data-end=\"2694\"><strong data-start=\"2660\" data-end=\"2694\">4. Responsabilidad del Usuario<\/strong><\/h4>\n<p data-start=\"2696\" data-end=\"2945\">El usuario es responsable de garantizar que el acceso y uso del Sitio cumplan con las leyes aplicables en su pa\u00eds de residencia.<br data-start=\"2824\" data-end=\"2827\" \/><strong data-start=\"2827\" data-end=\"2845\">De igual forma<\/strong>, HC Media AB no se hace responsable por el acceso o uso del Sitio en contravenci\u00f3n de dichas leyes.<\/p>\n<h4 data-start=\"2947\" data-end=\"2986\"><strong data-start=\"2952\" data-end=\"2986\">5. Exenci\u00f3n de Responsabilidad<\/strong><\/h4>\n<p data-start=\"2988\" data-end=\"3300\">El contenido del Sitio tiene \u00fanicamente fines informativos.<br data-start=\"3047\" data-end=\"3050\" \/><strong data-start=\"3050\" data-end=\"3070\">Por consiguiente<\/strong>, HC Media AB no garantiza la exactitud, integridad o actualidad de la informaci\u00f3n publicada y no asume responsabilidad alguna por p\u00e9rdidas, da\u00f1os o perjuicios derivados del uso de la informaci\u00f3n o enlaces disponibles en el Sitio.<\/p>\n<h4 data-start=\"3302\" data-end=\"3342\"><strong data-start=\"3307\" data-end=\"3342\">6. Enlaces a Sitios de Terceros<\/strong><\/h4>\n<p data-start=\"3344\" data-end=\"3703\">El Sitio puede contener enlaces a p\u00e1ginas de terceros, incluidos operadores de apuestas u otros socios afiliados.<br data-start=\"3457\" data-end=\"3460\" \/><strong data-start=\"3460\" data-end=\"3475\">Sin embargo<\/strong>, HC Media AB no controla ni es responsable del contenido, disponibilidad, pol\u00edticas o pr\u00e1cticas de dichos sitios externos.<br data-start=\"3598\" data-end=\"3601\" \/><strong data-start=\"3601\" data-end=\"3613\">Por ello<\/strong>, el acceso a sitios de terceros se realiza bajo la exclusiva responsabilidad del usuario.<\/p>\n<h4 data-start=\"3705\" data-end=\"3731\"><strong data-start=\"3710\" data-end=\"3731\">7. Modificaciones<\/strong><\/h4>\n<p data-start=\"3733\" data-end=\"4078\">Nos reservamos el derecho de modificar o actualizar estos T\u00e9rminos en cualquier momento.<br data-start=\"3821\" data-end=\"3824\" \/><strong data-start=\"3824\" data-end=\"3839\">En tal caso<\/strong>, las modificaciones entrar\u00e1n en vigor desde su publicaci\u00f3n en el Sitio, salvo que se indique lo contrario.<br data-start=\"3946\" data-end=\"3949\" \/><strong data-start=\"3949\" data-end=\"3965\">De este modo<\/strong>, el uso continuado del Sitio tras la publicaci\u00f3n de los cambios constituye la aceptaci\u00f3n de los nuevos T\u00e9rminos.<\/p>\n<h4 data-start=\"4080\" data-end=\"4098\"><strong data-start=\"4085\" data-end=\"4098\">8. Idioma<\/strong><\/h4>\n<p data-start=\"4100\" data-end=\"4220\">Estos T\u00e9rminos est\u00e1n disponibles en varios idiomas.<br data-start=\"4151\" data-end=\"4154\" \/><strong data-start=\"4154\" data-end=\"4181\">En caso de discrepancia<\/strong>, la versi\u00f3n en ingl\u00e9s <strong data-start=\"4204\" data-end=\"4219\">prevalecer\u00e1<\/strong>.<\/p>\n<h4 data-start=\"4222\" data-end=\"4242\"><strong data-start=\"4227\" data-end=\"4242\">9. Contacto<\/strong><\/h4>\n<p data-start=\"4244\" data-end=\"4329\">Para cualquier consulta sobre estos T\u00e9rminos, puede ponerse en contacto con nosotros:<\/p>\n<p data-start=\"4331\" data-end=\"4463\">HC Media AB<br data-start=\"4342\" data-end=\"4345\" \/>Correo electr\u00f3nico: <a class=\"decorated-link cursor-pointer\" rel=\"noopener\" data-start=\"4365\" data-end=\"4386\">compliance@hcmedia.se<\/a><br data-start=\"4386\" data-end=\"4389\" \/>N\u00famero de registro: 559481-5101<br data-start=\"4420\" data-end=\"4423\" \/>Domicilio social: \u00d6rnsk\u00f6ldsvik, Suecia<\/p>\n<p data-start=\"4465\" data-end=\"4517\">Fecha de \u00faltima actualizaci\u00f3n: <strong data-start=\"4496\" data-end=\"4517\">noviembre de 2025<\/strong><\/p>\n","protected":false},"excerpt":{"rendered":"<p>T\u00e9rminos y Condiciones \u2013 ApuestasBono.com 1. Disposiciones Generales Estos T\u00e9rminos y Condiciones (en adelante, los \u201cT\u00e9rminos\u201d) se aplican a todos los usuarios del sitio web ApuestasBono.com (en adelante, el \u201cSitio\u201d) y de los servicios ofrecidos a trav\u00e9s del mismo.En consecuencia, al acceder o utilizar este Sitio, usted acepta quedar vinculado por estos T\u00e9rminos. Si, por&#8230;<\/p>\n","protected":false},"author":1,"featured_media":0,"parent":0,"menu_order":99,"comment_status":"closed","ping_status":"closed","template":"","meta":{"footnotes":""},"class_list":["post-9","page","type-page","status-publish","hentry"],"yoast_head":"<!-- This site is optimized with the Yoast SEO Premium plugin v27.0 (Yoast SEO v27.2) - https:\/\/yoast.com\/product\/yoast-seo-premium-wordpress\/ -->\n<title>T\u00e9rminos y condiciones - Apuestas Bono Ecuador<\/title>\n<meta name=\"description\" content=\"Revisa y lee los T\u00e9rminos y Condiciones de ApuestasBono.com.\" \/>\n<meta name=\"robots\" content=\"index, follow, max-snippet:-1, max-image-preview:large, max-video-preview:-1\" \/>\n<link rel=\"canonical\" href=\"https:\/\/www.apuestasbono.com\/ec\/terminos-y-condiciones\/\" \/>\n<meta property=\"og:locale\" content=\"es_ES\" \/>\n<meta property=\"og:type\" content=\"article\" \/>\n<meta property=\"og:title\" content=\"T\u00e9rminos y condiciones\" \/>\n<meta property=\"og:description\" content=\"Revisa y lee los T\u00e9rminos y Condiciones de ApuestasBono.com.\" \/>\n<meta property=\"og:url\" content=\"https:\/\/www.apuestasbono.com\/ec\/terminos-y-condiciones\/\" \/>\n<meta property=\"og:site_name\" content=\"Apuestas Bono Ecuador\" \/>\n<meta property=\"article:modified_time\" content=\"2025-11-10T23:06:21+00:00\" \/>\n<meta name=\"twitter:card\" content=\"summary_large_image\" \/>\n<meta name=\"twitter:label1\" content=\"Tiempo de lectura\" \/>\n\t<meta name=\"twitter:data1\" content=\"3 minutos\" \/>\n<script type=\"application\/ld+json\" class=\"yoast-schema-graph\">{\"@context\":\"https:\/\/schema.org\",\"@graph\":[{\"@type\":\"WebPage\",\"@id\":\"https:\/\/www.apuestasbono.com\/ec\/terminos-y-condiciones\/\",\"url\":\"https:\/\/www.apuestasbono.com\/ec\/terminos-y-condiciones\/\",\"name\":\"T\u00e9rminos y condiciones - Apuestas Bono Ecuador\",\"isPartOf\":{\"@id\":\"https:\/\/www.apuestasbono.com\/ec\/#website\"},\"datePublished\":\"2024-11-21T16:01:25+00:00\",\"dateModified\":\"2025-11-10T23:06:21+00:00\",\"description\":\"Revisa y lee los T\u00e9rminos y Condiciones de ApuestasBono.com.\",\"breadcrumb\":{\"@id\":\"https:\/\/www.apuestasbono.com\/ec\/terminos-y-condiciones\/#breadcrumb\"},\"inLanguage\":\"es\",\"potentialAction\":[{\"@type\":\"ReadAction\",\"target\":[\"https:\/\/www.apuestasbono.com\/ec\/terminos-y-condiciones\/\"]}]},{\"@type\":\"BreadcrumbList\",\"@id\":\"https:\/\/www.apuestasbono.com\/ec\/terminos-y-condiciones\/#breadcrumb\",\"itemListElement\":[{\"@type\":\"ListItem\",\"position\":1,\"name\":\"Home\",\"item\":\"https:\/\/www.apuestasbono.com\/ec\/\"},{\"@type\":\"ListItem\",\"position\":2,\"name\":\"T\u00e9rminos y condiciones\"}]},{\"@type\":\"WebSite\",\"@id\":\"https:\/\/www.apuestasbono.com\/ec\/#website\",\"url\":\"https:\/\/www.apuestasbono.com\/ec\/\",\"name\":\"Apuestas Bono Ecuador\",\"description\":\"\",\"potentialAction\":[{\"@type\":\"SearchAction\",\"target\":{\"@type\":\"EntryPoint\",\"urlTemplate\":\"https:\/\/www.apuestasbono.com\/ec\/?s={search_term_string}\"},\"query-input\":{\"@type\":\"PropertyValueSpecification\",\"valueRequired\":true,\"valueName\":\"search_term_string\"}}],\"inLanguage\":\"es\"}]}<\/script>\n<!-- \/ Yoast SEO Premium plugin. -->","yoast_head_json":{"title":"T\u00e9rminos y condiciones - Apuestas Bono Ecuador","description":"Revisa y lee los T\u00e9rminos y Condiciones de ApuestasBono.com.","robots":{"index":"index","follow":"follow","max-snippet":"max-snippet:-1","max-image-preview":"max-image-preview:large","max-video-preview":"max-video-preview:-1"},"canonical":"https:\/\/www.apuestasbono.com\/ec\/terminos-y-condiciones\/","og_locale":"es_ES","og_type":"article","og_title":"T\u00e9rminos y condiciones","og_description":"Revisa y lee los T\u00e9rminos y Condiciones de ApuestasBono.com.","og_url":"https:\/\/www.apuestasbono.com\/ec\/terminos-y-condiciones\/","og_site_name":"Apuestas Bono Ecuador","article_modified_time":"2025-11-10T23:06:21+00:00","twitter_card":"summary_large_image","twitter_misc":{"Tiempo de lectura":"3 minutos"},"schema":{"@context":"https:\/\/schema.org","@graph":[{"@type":"WebPage","@id":"https:\/\/www.apuestasbono.com\/ec\/terminos-y-condiciones\/","url":"https:\/\/www.apuestasbono.com\/ec\/terminos-y-condiciones\/","name":"T\u00e9rminos y condiciones - Apuestas Bono Ecuador","isPartOf":{"@id":"https:\/\/www.apuestasbono.com\/ec\/#website"},"datePublished":"2024-11-21T16:01:25+00:00","dateModified":"2025-11-10T23:06:21+00:00","description":"Revisa y lee los T\u00e9rminos y Condiciones de ApuestasBono.com.","breadcrumb":{"@id":"https:\/\/www.apuestasbono.com\/ec\/terminos-y-condiciones\/#breadcrumb"},"inLanguage":"es","potentialAction":[{"@type":"ReadAction","target":["https:\/\/www.apuestasbono.com\/ec\/terminos-y-condiciones\/"]}]},{"@type":"BreadcrumbList","@id":"https:\/\/www.apuestasbono.com\/ec\/terminos-y-condiciones\/#breadcrumb","itemListElement":[{"@type":"ListItem","position":1,"name":"Home","item":"https:\/\/www.apuestasbono.com\/ec\/"},{"@type":"ListItem","position":2,"name":"T\u00e9rminos y condiciones"}]},{"@type":"WebSite","@id":"https:\/\/www.apuestasbono.com\/ec\/#website","url":"https:\/\/www.apuestasbono.com\/ec\/","name":"Apuestas Bono Ecuador","description":"","potentialAction":[{"@type":"SearchAction","target":{"@type":"EntryPoint","urlTemplate":"https:\/\/www.apuestasbono.com\/ec\/?s={search_term_string}"},"query-input":{"@type":"PropertyValueSpecification","valueRequired":true,"valueName":"search_term_string"}}],"inLanguage":"es"}]}},"meta_box":[],"_links":{"self":[{"href":"https:\/\/www.apuestasbono.com\/ec\/wp-json\/wp\/v2\/pages\/9","targetHints":{"allow":["GET"]}}],"collection":[{"href":"https:\/\/www.apuestasbono.com\/ec\/wp-json\/wp\/v2\/pages"}],"about":[{"href":"https:\/\/www.apuestasbono.com\/ec\/wp-json\/wp\/v2\/types\/page"}],"author":[{"embeddable":true,"href":"https:\/\/www.apuestasbono.com\/ec\/wp-json\/wp\/v2\/users\/1"}],"replies":[{"embeddable":true,"href":"https:\/\/www.apuestasbono.com\/ec\/wp-json\/wp\/v2\/comments?post=9"}],"version-history":[{"count":3,"href":"https:\/\/www.apuestasbono.com\/ec\/wp-json\/wp\/v2\/pages\/9\/revisions"}],"predecessor-version":[{"id":980,"href":"https:\/\/www.apuestasbono.com\/ec\/wp-json\/wp\/v2\/pages\/9\/revisions\/980"}],"wp:attachment":[{"href":"https:\/\/www.apuestasbono.com\/ec\/wp-json\/wp\/v2\/media?parent=9"}],"curies":[{"name":"wp","href":"https:\/\/api.w.org\/{rel}","templated":true}]}}