{"id":8850,"date":"2026-04-13T09:24:33","date_gmt":"2026-04-13T14:24:33","guid":{"rendered":"https:\/\/www.apuestasbono.com\/co\/?page_id=8850"},"modified":"2026-04-13T09:24:33","modified_gmt":"2026-04-13T14:24:33","slug":"faq-apuestas-colombia","status":"publish","type":"page","link":"https:\/\/www.apuestasbono.com\/co\/faq-apuestas-colombia\/","title":{"rendered":"Apuestas deportivas en Colombia: preguntas frecuentes (FAQ)"},"content":{"rendered":"<p data-start=\"850\" data-end=\"1290\">Las apuestas deportivas en Colombia se han convertido en una de las formas de entretenimiento online m\u00e1s populares gracias a su legalidad y regulaci\u00f3n por <a href=\"https:\/\/www.coljuegos.gov.co\/\">Coljuegos<\/a>. Cada vez m\u00e1s usuarios buscan informaci\u00f3n sobre c\u00f3mo funcionan las apuestas deportivas en Colombia, <a href=\"https:\/\/www.apuestasbono.com\/co\/casas-de-apuestas\/\">qu\u00e9 casas son seguras<\/a> y qu\u00e9 m\u00e9todos de pago pueden utilizar. En esta gu\u00eda respondemos las preguntas m\u00e1s frecuentes para ayudarte a entender todo lo necesario antes de apostar.<\/p>\n<h2 data-section-id=\"1ixy4xq\" data-start=\"370\" data-end=\"435\">FAQ \u2013 Apuestas deportivas en Colombia<\/h2>\n<h3 data-section-id=\"1ucss1u\" data-start=\"437\" data-end=\"495\">1. \u00bfSon legales las apuestas deportivas en Colombia?<\/h3>\n<p data-start=\"496\" data-end=\"587\">S\u00ed, las <a href=\"https:\/\/www.apuestasbono.com\/co\/diccionario\/apuesta-simple-la-base-de-las-apuestas-deportivas-explicada\/\">apuestas deportivas online<\/a> son legales en Colombia y est\u00e1n reguladas por Coljuegos.<\/p>\n<h3 data-section-id=\"1tzli0w\" data-start=\"589\" data-end=\"616\">2. \u00bfQu\u00e9 es Coljuegos?<\/h3>\n<p data-start=\"617\" data-end=\"696\">Coljuegos es la entidad que regula y supervisa las apuestas online en Colombia.<\/p>\n<h3 data-section-id=\"31gvyn\" data-start=\"698\" data-end=\"747\">3. \u00bfC\u00f3mo funcionan las apuestas deportivas?<\/h3>\n<p data-start=\"748\" data-end=\"843\">Consisten en predecir resultados deportivos y apostar dinero a diferentes opciones disponibles.<\/p>\n<h3 data-section-id=\"f3egcd\" data-start=\"845\" data-end=\"908\">4. \u00bfCu\u00e1les son las casas de apuestas legales en Colombia?<\/h3>\n<p data-start=\"909\" data-end=\"991\">Son las que tienen licencia de Coljuegos, como <a href=\"https:\/\/www.apuestasbono.com\/co\/casas-de-apuestas\/betplay-excelente-opcion-para-apuestas-en-linea-en-colombia\/\">BetPlay<\/a>, <a href=\"https:\/\/www.apuestasbono.com\/co\/casas-de-apuestas\/codere-colombia\/\">Codere<\/a>, <a href=\"https:\/\/www.apuestasbono.com\/co\/casas-de-apuestas\/betsson-una-de-las-mejores-casas-de-apuestas-deportivas-en-colombia\/\">Betsson<\/a> o Rushbet.<\/p>\n<h3 data-section-id=\"1jn6cbz\" data-start=\"993\" data-end=\"1032\">5. \u00bfQu\u00e9 es una cuota en apuestas?<\/h3>\n<p data-start=\"1033\" data-end=\"1103\">Es el valor que determina cu\u00e1nto dinero puedes ganar seg\u00fan tu apuesta.<\/p>\n<h3 data-section-id=\"1kz33bj\" data-start=\"1105\" data-end=\"1145\">6. \u00bfQu\u00e9 tipos de apuestas existen?<\/h3>\n<p data-start=\"1146\" data-end=\"1215\">Existen apuestas simples, combinadas, en vivo, h\u00e1ndicap y <a href=\"https:\/\/www.apuestasbono.com\/co\/diccionario\/apuesta-over-under-como-leer-la-linea-y-encontrar-valor\/\">over\/under<\/a>.<\/p>\n<h3 data-section-id=\"deqqhl\" data-start=\"1217\" data-end=\"1256\">7. \u00bfQu\u00e9 es una apuesta combinada?<\/h3>\n<p data-start=\"1257\" data-end=\"1317\">Es una apuesta que incluye varios eventos en un solo ticket.<\/p>\n<h3 data-section-id=\"1apka1n\" data-start=\"1319\" data-end=\"1356\">8. \u00bfQu\u00e9 es una apuesta en vivo?<\/h3>\n<p data-start=\"1357\" data-end=\"1430\">Es una apuesta que se realiza mientras el evento deportivo est\u00e1 en juego.<\/p>\n<h3 data-section-id=\"1g8z03r\" data-start=\"1432\" data-end=\"1473\">9. \u00bfQu\u00e9 es el bankroll en apuestas?<\/h3>\n<p data-start=\"1474\" data-end=\"1538\">Es el dinero que un usuario destina exclusivamente para apostar.<\/p>\n<h3 data-section-id=\"jccznz\" data-start=\"1540\" data-end=\"1570\">10. \u00bfQu\u00e9 es una freebet?<\/h3>\n<p data-start=\"1571\" data-end=\"1636\">Es una apuesta gratis que permite apostar sin usar dinero propio.<\/p>\n<h3 data-section-id=\"19xvf65\" data-start=\"1638\" data-end=\"1679\">11. \u00bfQu\u00e9 son los bonos de apuestas?<\/h3>\n<p data-start=\"1680\" data-end=\"1754\">Son promociones que ofrecen dinero extra o <a href=\"https:\/\/www.apuestasbono.com\/co\/diccionario\/apuesta-gratis-como-conseguirla-y-convertirla-en-dinero-real\/\">apuestas gratis<\/a> a los usuarios.<\/p>\n<h3 data-section-id=\"n4qexk\" data-start=\"1756\" data-end=\"1799\">12. \u00bfSe pueden retirar las ganancias?<\/h3>\n<p data-start=\"1800\" data-end=\"1866\">S\u00ed, siempre que se cumplan las condiciones de la casa de apuestas.<\/p>\n<h3 data-section-id=\"vpcsqs\" data-start=\"1868\" data-end=\"1919\">13. \u00bfQu\u00e9 m\u00e9todos de pago se usan en Colombia?<\/h3>\n<p data-start=\"1920\" data-end=\"1977\">PSE, tarjetas, Nequi, Daviplata y monederos electr\u00f3nicos.<\/p>\n<h3 data-section-id=\"izt8la\" data-start=\"1979\" data-end=\"2025\">14. \u00bfCu\u00e1nto tarda un retiro en apuestas?<\/h3>\n<p data-start=\"2026\" data-end=\"2082\">Normalmente entre 24 y 72 horas, dependiendo del m\u00e9todo.<\/p>\n<h3 data-section-id=\"lsrgap\" data-start=\"2084\" data-end=\"2128\">15. \u00bfQu\u00e9 es la verificaci\u00f3n de cuenta?<\/h3>\n<p data-start=\"2129\" data-end=\"2195\">Es el proceso para confirmar tu identidad antes de retirar dinero.<\/p>\n<h3 data-section-id=\"1omm12w\" data-start=\"2197\" data-end=\"2241\">16. \u00bfPor qu\u00e9 debo verificar mi cuenta?<\/h3>\n<p data-start=\"2242\" data-end=\"2298\">Para cumplir la normativa y poder retirar tus ganancias.<\/p>\n<h3 data-section-id=\"xqtmm\" data-start=\"2300\" data-end=\"2342\">17. \u00bfQu\u00e9 deportes se pueden apostar?<\/h3>\n<p data-start=\"2343\" data-end=\"2391\">F\u00fatbol, tenis, baloncesto, b\u00e9isbol y muchos m\u00e1s.<\/p>\n<h3 data-section-id=\"60oc6v\" data-start=\"2393\" data-end=\"2448\">18. \u00bfCu\u00e1l es el deporte m\u00e1s apostado en Colombia?<\/h3>\n<p data-start=\"2449\" data-end=\"2498\">El f\u00fatbol es el deporte m\u00e1s popular para apostar.<\/p>\n<h3 data-section-id=\"fg15tx\" data-start=\"2500\" data-end=\"2530\">19. \u00bfQu\u00e9 es el cash out?<\/h3>\n<p data-start=\"2531\" data-end=\"2598\">Es una funci\u00f3n que permite cerrar una apuesta antes de que termine.<\/p>\n<h3 data-section-id=\"n7gtvx\" data-start=\"2600\" data-end=\"2645\">20. \u00bfSe puede apostar desde el celular?<\/h3>\n<p data-start=\"2646\" data-end=\"2711\">S\u00ed, todas las casas de apuestas ofrecen apps o versiones m\u00f3viles.<\/p>\n<h3 data-section-id=\"19v1qbr\" data-start=\"2713\" data-end=\"2752\">21. \u00bfQu\u00e9 es el juego responsable?<\/h3>\n<p data-start=\"2753\" data-end=\"2820\">Es apostar de forma controlada sin afectar tus finanzas personales.<\/p>\n<h3 data-section-id=\"7991vc\" data-start=\"2822\" data-end=\"2875\">22. \u00bfSe puede perder m\u00e1s dinero del depositado?<\/h3>\n<p data-start=\"2876\" data-end=\"2927\">No, solo puedes perder el dinero que has ingresado.<\/p>\n<h3 data-section-id=\"112os7\" data-start=\"2929\" data-end=\"2968\">23. \u00bfQu\u00e9 es una apuesta h\u00e1ndicap?<\/h3>\n<p data-start=\"2969\" data-end=\"3033\">Es una apuesta que ajusta el resultado con ventaja o desventaja.<\/p>\n<h3 data-section-id=\"lem5y5\" data-start=\"3035\" data-end=\"3071\">24. \u00bfQu\u00e9 significa over\/under?<\/h3>\n<p data-start=\"3072\" data-end=\"3134\">Es apostar si habr\u00e1 m\u00e1s o menos goles o puntos de lo previsto.<\/p>\n<h3 data-section-id=\"epe004\" data-start=\"3136\" data-end=\"3181\">25. \u00bfQu\u00e9 pasa si se cancela un partido?<\/h3>\n<p data-start=\"3182\" data-end=\"3226\">La apuesta se anula y se devuelve el dinero.<\/p>\n<h3 data-section-id=\"lql5fp\" data-start=\"3228\" data-end=\"3276\">26. \u00bfEs seguro apostar online en Colombia?<\/h3>\n<p data-start=\"3277\" data-end=\"3327\">S\u00ed, si usas plataformas con licencia de Coljuegos.<\/p>\n<h3 data-section-id=\"p9yuwq\" data-start=\"3329\" data-end=\"3371\">27. \u00bfSe pagan impuestos por apostar?<\/h3>\n<p data-start=\"3372\" data-end=\"3415\">S\u00ed, dependiendo del monto de las ganancias.<\/p>\n<h3 data-section-id=\"hobvre\" data-start=\"3417\" data-end=\"3454\">28. \u00bfQu\u00e9 es una apuesta simple?<\/h3>\n<p data-start=\"3455\" data-end=\"3497\">Es una apuesta a un solo evento deportivo.<\/p>\n<h3 data-section-id=\"1friebi\" data-start=\"3499\" data-end=\"3543\">29. \u00bfC\u00f3mo elegir una casa de apuestas?<\/h3>\n<p data-start=\"3544\" data-end=\"3598\">Comparando bonos, cuotas, m\u00e9todos de pago y seguridad.<\/p>\n<h3 data-section-id=\"1tyd83g\" data-start=\"3600\" data-end=\"3643\">30. \u00bfCu\u00e1l es el mejor m\u00e9todo de pago?<\/h3>\n<p data-start=\"3644\" data-end=\"3715\">Depende del usuario, pero PSE y billeteras digitales son muy populares.<\/p>\n<p data-start=\"3644\" data-end=\"3715\">\n","protected":false},"excerpt":{"rendered":"<p>Las apuestas deportivas en Colombia se han convertido en una de las formas de entretenimiento online m\u00e1s populares gracias a su legalidad y regulaci\u00f3n por Coljuegos. Cada vez m\u00e1s usuarios buscan informaci\u00f3n sobre c\u00f3mo funcionan las apuestas deportivas en Colombia, qu\u00e9 casas son seguras y qu\u00e9 m\u00e9todos de pago pueden utilizar. En esta gu\u00eda respondemos&#8230;<\/p>\n","protected":false},"author":8,"featured_media":0,"parent":0,"menu_order":0,"comment_status":"closed","ping_status":"closed","template":"","meta":{"footnotes":""},"class_list":["post-8850","page","type-page","status-publish","hentry"],"yoast_head":"<!-- This site is optimized with the Yoast SEO Premium plugin v27.0 (Yoast SEO v27.2) - https:\/\/yoast.com\/product\/yoast-seo-premium-wordpress\/ -->\n<title>Apuestas deportivas en Colombia: preguntas frecuentes (FAQ) - Apuestas Bono Colombia<\/title>\n<meta name=\"description\" content=\"Aprende todo sobre apuestas deportivas en Colombia: legalidad, bonos, m\u00e9todos de pago y c\u00f3mo apostar de forma segura y efectiva.\" \/>\n<meta name=\"robots\" content=\"index, follow, max-snippet:-1, max-image-preview:large, max-video-preview:-1\" \/>\n<link rel=\"canonical\" href=\"https:\/\/www.apuestasbono.com\/co\/faq-apuestas-colombia\/\" \/>\n<meta property=\"og:locale\" content=\"es_ES\" \/>\n<meta property=\"og:type\" content=\"article\" \/>\n<meta property=\"og:title\" content=\"Apuestas deportivas en Colombia: preguntas frecuentes (FAQ)\" \/>\n<meta property=\"og:description\" content=\"Aprende todo sobre apuestas deportivas en Colombia: legalidad, bonos, m\u00e9todos de pago y c\u00f3mo apostar de forma segura y efectiva.\" \/>\n<meta property=\"og:url\" content=\"https:\/\/www.apuestasbono.com\/co\/faq-apuestas-colombia\/\" \/>\n<meta property=\"og:site_name\" content=\"Apuestas Bono Colombia\" \/>\n<meta name=\"twitter:card\" content=\"summary_large_image\" \/>\n<meta name=\"twitter:label1\" content=\"Tiempo de lectura\" \/>\n\t<meta name=\"twitter:data1\" content=\"3 minutos\" \/>\n<script type=\"application\/ld+json\" class=\"yoast-schema-graph\">{\"@context\":\"https:\/\/schema.org\",\"@graph\":[{\"@type\":\"WebPage\",\"@id\":\"https:\/\/www.apuestasbono.com\/co\/faq-apuestas-colombia\/\",\"url\":\"https:\/\/www.apuestasbono.com\/co\/faq-apuestas-colombia\/\",\"name\":\"Apuestas deportivas en Colombia: preguntas frecuentes (FAQ) - Apuestas Bono Colombia\",\"isPartOf\":{\"@id\":\"https:\/\/www.apuestasbono.com\/co\/#website\"},\"datePublished\":\"2026-04-13T14:24:33+00:00\",\"description\":\"Aprende todo sobre apuestas deportivas en Colombia: legalidad, bonos, m\u00e9todos de pago y c\u00f3mo apostar de forma segura y efectiva.\",\"breadcrumb\":{\"@id\":\"https:\/\/www.apuestasbono.com\/co\/faq-apuestas-colombia\/#breadcrumb\"},\"inLanguage\":\"es-CO\",\"potentialAction\":[{\"@type\":\"ReadAction\",\"target\":[\"https:\/\/www.apuestasbono.com\/co\/faq-apuestas-colombia\/\"]}]},{\"@type\":\"BreadcrumbList\",\"@id\":\"https:\/\/www.apuestasbono.com\/co\/faq-apuestas-colombia\/#breadcrumb\",\"itemListElement\":[{\"@type\":\"ListItem\",\"position\":1,\"name\":\"Home\",\"item\":\"https:\/\/www.apuestasbono.com\/co\/\"},{\"@type\":\"ListItem\",\"position\":2,\"name\":\"Apuestas deportivas en Colombia: preguntas frecuentes (FAQ)\"}]},{\"@type\":\"WebSite\",\"@id\":\"https:\/\/www.apuestasbono.com\/co\/#website\",\"url\":\"https:\/\/www.apuestasbono.com\/co\/\",\"name\":\"Apuestas Bono Colombia\",\"description\":\"\",\"potentialAction\":[{\"@type\":\"SearchAction\",\"target\":{\"@type\":\"EntryPoint\",\"urlTemplate\":\"https:\/\/www.apuestasbono.com\/co\/?s={search_term_string}\"},\"query-input\":{\"@type\":\"PropertyValueSpecification\",\"valueRequired\":true,\"valueName\":\"search_term_string\"}}],\"inLanguage\":\"es-CO\"}]}<\/script>\n<!-- \/ Yoast SEO Premium plugin. -->","yoast_head_json":{"title":"Apuestas deportivas en Colombia: preguntas frecuentes (FAQ) - Apuestas Bono Colombia","description":"Aprende todo sobre apuestas deportivas en Colombia: legalidad, bonos, m\u00e9todos de pago y c\u00f3mo apostar de forma segura y efectiva.","robots":{"index":"index","follow":"follow","max-snippet":"max-snippet:-1","max-image-preview":"max-image-preview:large","max-video-preview":"max-video-preview:-1"},"canonical":"https:\/\/www.apuestasbono.com\/co\/faq-apuestas-colombia\/","og_locale":"es_ES","og_type":"article","og_title":"Apuestas deportivas en Colombia: preguntas frecuentes (FAQ)","og_description":"Aprende todo sobre apuestas deportivas en Colombia: legalidad, bonos, m\u00e9todos de pago y c\u00f3mo apostar de forma segura y efectiva.","og_url":"https:\/\/www.apuestasbono.com\/co\/faq-apuestas-colombia\/","og_site_name":"Apuestas Bono Colombia","twitter_card":"summary_large_image","twitter_misc":{"Tiempo de lectura":"3 minutos"},"schema":{"@context":"https:\/\/schema.org","@graph":[{"@type":"WebPage","@id":"https:\/\/www.apuestasbono.com\/co\/faq-apuestas-colombia\/","url":"https:\/\/www.apuestasbono.com\/co\/faq-apuestas-colombia\/","name":"Apuestas deportivas en Colombia: preguntas frecuentes (FAQ) - Apuestas Bono Colombia","isPartOf":{"@id":"https:\/\/www.apuestasbono.com\/co\/#website"},"datePublished":"2026-04-13T14:24:33+00:00","description":"Aprende todo sobre apuestas deportivas en Colombia: legalidad, bonos, m\u00e9todos de pago y c\u00f3mo apostar de forma segura y efectiva.","breadcrumb":{"@id":"https:\/\/www.apuestasbono.com\/co\/faq-apuestas-colombia\/#breadcrumb"},"inLanguage":"es-CO","potentialAction":[{"@type":"ReadAction","target":["https:\/\/www.apuestasbono.com\/co\/faq-apuestas-colombia\/"]}]},{"@type":"BreadcrumbList","@id":"https:\/\/www.apuestasbono.com\/co\/faq-apuestas-colombia\/#breadcrumb","itemListElement":[{"@type":"ListItem","position":1,"name":"Home","item":"https:\/\/www.apuestasbono.com\/co\/"},{"@type":"ListItem","position":2,"name":"Apuestas deportivas en Colombia: preguntas frecuentes (FAQ)"}]},{"@type":"WebSite","@id":"https:\/\/www.apuestasbono.com\/co\/#website","url":"https:\/\/www.apuestasbono.com\/co\/","name":"Apuestas Bono Colombia","description":"","potentialAction":[{"@type":"SearchAction","target":{"@type":"EntryPoint","urlTemplate":"https:\/\/www.apuestasbono.com\/co\/?s={search_term_string}"},"query-input":{"@type":"PropertyValueSpecification","valueRequired":true,"valueName":"search_term_string"}}],"inLanguage":"es-CO"}]}},"meta_box":[],"_links":{"self":[{"href":"https:\/\/www.apuestasbono.com\/co\/wp-json\/wp\/v2\/pages\/8850","targetHints":{"allow":["GET"]}}],"collection":[{"href":"https:\/\/www.apuestasbono.com\/co\/wp-json\/wp\/v2\/pages"}],"about":[{"href":"https:\/\/www.apuestasbono.com\/co\/wp-json\/wp\/v2\/types\/page"}],"author":[{"embeddable":true,"href":"https:\/\/www.apuestasbono.com\/co\/wp-json\/wp\/v2\/users\/8"}],"replies":[{"embeddable":true,"href":"https:\/\/www.apuestasbono.com\/co\/wp-json\/wp\/v2\/comments?post=8850"}],"version-history":[{"count":1,"href":"https:\/\/www.apuestasbono.com\/co\/wp-json\/wp\/v2\/pages\/8850\/revisions"}],"predecessor-version":[{"id":8854,"href":"https:\/\/www.apuestasbono.com\/co\/wp-json\/wp\/v2\/pages\/8850\/revisions\/8854"}],"wp:attachment":[{"href":"https:\/\/www.apuestasbono.com\/co\/wp-json\/wp\/v2\/media?parent=8850"}],"curies":[{"name":"wp","href":"https:\/\/api.w.org\/{rel}","templated":true}]}}