{"id":407,"date":"2025-08-11T12:19:41","date_gmt":"2025-08-11T16:19:41","guid":{"rendered":"https:\/\/www.apuestasbono.com\/cl\/?page_id=407"},"modified":"2025-08-11T12:19:41","modified_gmt":"2025-08-11T16:19:41","slug":"contactanos","status":"publish","type":"page","link":"https:\/\/www.apuestasbono.com\/cl\/contactanos\/","title":{"rendered":"Cont\u00e1ctanos"},"content":{"rendered":"<p data-start=\"305\" data-end=\"591\">\u00bfTienes alguna pregunta, sugerencia o propuesta para ApuestaBonos.com? Cont\u00e1ctanos: estaremos encantados de escucharte.<\/p>\n<p data-start=\"305\" data-end=\"591\">Nuestro equipo est\u00e1 disponible para atender consultas relacionadas con apuestas deportivas, colaboraciones, cumplimiento normativo o participaci\u00f3n como tipster en nuestro sitio.<\/p>\n<p data-start=\"593\" data-end=\"839\">En <strong data-start=\"596\" data-end=\"616\">ApuestaBonos.com<\/strong>, nos comprometemos a brindar contenido de calidad sobre pron\u00f3sticos, bonos y gu\u00edas de apuestas para jugadores de toda <strong data-start=\"735\" data-end=\"761\">Latinoam\u00e9rica y Espa\u00f1a<\/strong>. Tu opini\u00f3n y participaci\u00f3n son fundamentales para seguir mejorando cada d\u00eda.<\/p>\n<h3 data-start=\"841\" data-end=\"879\">Contacto por \u00e1reas espec\u00edficas:<\/h3>\n<ul data-start=\"881\" data-end=\"1686\">\n<li data-start=\"881\" data-end=\"1108\">\n<p data-start=\"883\" data-end=\"1108\"><strong data-start=\"883\" data-end=\"910\">Acuerdos de afiliaci\u00f3n:<\/strong><br data-start=\"910\" data-end=\"913\" \/>Si eres un operador o est\u00e1s interesado en un acuerdo de afiliaci\u00f3n, puedes escribir directamente a nuestro equipo comercial.<br data-start=\"1039\" data-end=\"1042\" \/>\u2709\ufe0f <em data-start=\"1047\" data-end=\"1068\">Correo de contacto:<\/em> <a class=\"cursor-pointer\" rel=\"noopener\" data-start=\"1069\" data-end=\"1108\">jay@hcmedia.se<\/a><\/p>\n<\/li>\n<li data-start=\"1110\" data-end=\"1413\">\n<p data-start=\"1112\" data-end=\"1413\"><strong data-start=\"1112\" data-end=\"1148\">Cumplimiento y aspectos legales:<\/strong><br data-start=\"1148\" data-end=\"1151\" \/>Para cuestiones relacionadas con licencias, t\u00e9rminos legales o cumplimiento de normativas locales e internacionales, por favor comun\u00edcate con nuestro departamento de <a href=\"https:\/\/es.wikipedia.org\/wiki\/Cumplimiento_normativo\">compliance<\/a>.<br data-start=\"1330\" data-end=\"1333\" \/>\u2709\ufe0f <em data-start=\"1338\" data-end=\"1359\">Correo de contacto:<\/em> <a class=\"cursor-pointer\" rel=\"noopener\" data-start=\"1360\" data-end=\"1413\">compliance@hcmedia.se<\/a><\/p>\n<\/li>\n<li data-start=\"1415\" data-end=\"1686\">\n<p data-start=\"1417\" data-end=\"1686\"><strong data-start=\"1417\" data-end=\"1443\">Colabora como tipster:<\/strong><br data-start=\"1443\" data-end=\"1446\" \/>\u00bfEres un experto en pron\u00f3sticos deportivos y te gustar\u00eda compartir tus tips con nuestra comunidad? Env\u00edanos tu perfil, experiencia y una muestra de tus an\u00e1lisis.<br data-start=\"1609\" data-end=\"1612\" \/>\u2709\ufe0f <em data-start=\"1617\" data-end=\"1638\">Correo de contacto:<\/em> <a class=\"cursor-pointer\" rel=\"noopener\" data-start=\"1639\" data-end=\"1686\">tipster@hcmedia.se<\/a><\/p>\n<\/li>\n<\/ul>\n<h3 data-start=\"1688\" data-end=\"1711\">\u00bfD\u00f3nde operamos?<\/h3>\n<p data-start=\"1713\" data-end=\"2020\">ApuestaBonos.com est\u00e1 presente en varios pa\u00edses de habla hispana, ofreciendo informaci\u00f3n clara y objetiva sobre <a href=\"https:\/\/www.apuestasbono.com\/cl\/casas-de-apuestas\/\">las mejores casas de apuestas<\/a>, <a href=\"https:\/\/www.apuestasbono.com\/cl\/bonificaciones\/\">bonos de bienvenida<\/a>, cuotas y promociones. Si representas a un operador o agencia en <strong data-start=\"1941\" data-end=\"1994\">Espa\u00f1a, Ecuador, M\u00e9xico, Colombia, Argentina, Per\u00fa o Chile<\/strong>, no dudes en escribirnos.<\/p>\n<p data-start=\"2022\" data-end=\"2098\">Responderemos a la mayor brevedad posible. \u00a1Gracias por confiar en nosotros!<\/p>\n<p data-start=\"2022\" data-end=\"2098\"><img loading=\"lazy\" decoding=\"async\" class=\"size-medium wp-image-835 aligncenter\" src=\"https:\/\/www.apuestasbono.com\/es\/wp-content\/uploads\/sites\/2\/2025\/08\/Apuestabonos-contactanos-white-green-300x64.png\" alt=\"Logo apuestabonos contactanos\" width=\"300\" height=\"64\" \/><\/p>\n","protected":false},"excerpt":{"rendered":"<p>\u00bfTienes alguna pregunta, sugerencia o propuesta para ApuestaBonos.com? Cont\u00e1ctanos: estaremos encantados de escucharte. Nuestro equipo est\u00e1 disponible para atender consultas relacionadas con apuestas deportivas, colaboraciones, cumplimiento normativo o participaci\u00f3n como tipster en nuestro sitio. En ApuestaBonos.com, nos comprometemos a brindar contenido de calidad sobre pron\u00f3sticos, bonos y gu\u00edas de apuestas para jugadores de toda Latinoam\u00e9rica&#8230;<\/p>\n","protected":false},"author":8,"featured_media":0,"parent":0,"menu_order":0,"comment_status":"closed","ping_status":"closed","template":"","meta":{"footnotes":""},"class_list":["post-407","page","type-page","status-publish","hentry"],"yoast_head":"<!-- This site is optimized with the Yoast SEO Premium plugin v27.6 (Yoast SEO v27.6) - https:\/\/yoast.com\/product\/yoast-seo-premium-wordpress\/ -->\n<title>Cont\u00e1ctanos - Apuestas Bono Chile<\/title>\n<meta name=\"description\" content=\"Cont\u00e1ctanos en ApuestaBonos.com Chile para consultas de afiliaci\u00f3n, compliance o colaborar como tipster. Respuesta r\u00e1pida. Escr\u00edbenos hoy.\" \/>\n<meta name=\"robots\" content=\"index, follow, max-snippet:-1, max-image-preview:large, max-video-preview:-1\" \/>\n<link rel=\"canonical\" href=\"https:\/\/www.apuestasbono.com\/cl\/contactanos\/\" \/>\n<meta property=\"og:locale\" content=\"es_ES\" \/>\n<meta property=\"og:type\" content=\"article\" \/>\n<meta property=\"og:title\" content=\"Cont\u00e1ctanos\" \/>\n<meta property=\"og:description\" content=\"Cont\u00e1ctanos en ApuestaBonos.com Chile para consultas de afiliaci\u00f3n, compliance o colaborar como tipster. Respuesta r\u00e1pida. Escr\u00edbenos hoy.\" \/>\n<meta property=\"og:url\" content=\"https:\/\/www.apuestasbono.com\/cl\/contactanos\/\" \/>\n<meta property=\"og:site_name\" content=\"Apuestas Bono Chile\" \/>\n<meta property=\"og:image\" content=\"https:\/\/www.apuestasbono.com\/cl\/wp-content\/uploads\/sites\/4\/2025\/11\/Forma-reciente-y-datos-de-xG-\u2013-Hoffenheim-contra-RB-Leipzig-Hoffenheim-contra-RB-Leipzig-\u2013-Bundesliga-8-de-noviembre-de-2025-15.30-CET.jpg\" \/>\n\t<meta property=\"og:image:width\" content=\"1077\" \/>\n\t<meta property=\"og:image:height\" content=\"409\" \/>\n\t<meta property=\"og:image:type\" content=\"image\/jpeg\" \/>\n<meta name=\"twitter:card\" content=\"summary_large_image\" \/>\n<meta name=\"twitter:label1\" content=\"Tiempo estimado de lectura\" \/>\n\t<meta name=\"twitter:data1\" content=\"2 minutos\" \/>\n<script type=\"application\/ld+json\" class=\"yoast-schema-graph\">{\"@context\":\"https:\\\/\\\/schema.org\",\"@graph\":[{\"@type\":\"WebPage\",\"@id\":\"https:\\\/\\\/www.apuestasbono.com\\\/cl\\\/contactanos\\\/\",\"url\":\"https:\\\/\\\/www.apuestasbono.com\\\/cl\\\/contactanos\\\/\",\"name\":\"Cont\u00e1ctanos - Apuestas Bono Chile\",\"isPartOf\":{\"@id\":\"https:\\\/\\\/www.apuestasbono.com\\\/cl\\\/#website\"},\"primaryImageOfPage\":{\"@id\":\"https:\\\/\\\/www.apuestasbono.com\\\/cl\\\/contactanos\\\/#primaryimage\"},\"image\":{\"@id\":\"https:\\\/\\\/www.apuestasbono.com\\\/cl\\\/contactanos\\\/#primaryimage\"},\"thumbnailUrl\":\"https:\\\/\\\/www.apuestasbono.com\\\/es\\\/wp-content\\\/uploads\\\/sites\\\/2\\\/2025\\\/08\\\/Apuestabonos-contactanos-white-green-300x64.png\",\"datePublished\":\"2025-08-11T16:19:41+00:00\",\"description\":\"Cont\u00e1ctanos en ApuestaBonos.com Chile para consultas de afiliaci\u00f3n, compliance o colaborar como tipster. Respuesta r\u00e1pida. Escr\u00edbenos hoy.\",\"breadcrumb\":{\"@id\":\"https:\\\/\\\/www.apuestasbono.com\\\/cl\\\/contactanos\\\/#breadcrumb\"},\"inLanguage\":\"es-CL\",\"potentialAction\":[{\"@type\":\"ReadAction\",\"target\":[\"https:\\\/\\\/www.apuestasbono.com\\\/cl\\\/contactanos\\\/\"]}]},{\"@type\":\"ImageObject\",\"inLanguage\":\"es-CL\",\"@id\":\"https:\\\/\\\/www.apuestasbono.com\\\/cl\\\/contactanos\\\/#primaryimage\",\"url\":\"https:\\\/\\\/www.apuestasbono.com\\\/es\\\/wp-content\\\/uploads\\\/sites\\\/2\\\/2025\\\/08\\\/Apuestabonos-contactanos-white-green-300x64.png\",\"contentUrl\":\"https:\\\/\\\/www.apuestasbono.com\\\/es\\\/wp-content\\\/uploads\\\/sites\\\/2\\\/2025\\\/08\\\/Apuestabonos-contactanos-white-green-300x64.png\"},{\"@type\":\"BreadcrumbList\",\"@id\":\"https:\\\/\\\/www.apuestasbono.com\\\/cl\\\/contactanos\\\/#breadcrumb\",\"itemListElement\":[{\"@type\":\"ListItem\",\"position\":1,\"name\":\"Home\",\"item\":\"https:\\\/\\\/www.apuestasbono.com\\\/cl\\\/\"},{\"@type\":\"ListItem\",\"position\":2,\"name\":\"Cont\u00e1ctanos\"}]},{\"@type\":\"WebSite\",\"@id\":\"https:\\\/\\\/www.apuestasbono.com\\\/cl\\\/#website\",\"url\":\"https:\\\/\\\/www.apuestasbono.com\\\/cl\\\/\",\"name\":\"Apuestas Bono Chile\",\"description\":\"\",\"potentialAction\":[{\"@type\":\"SearchAction\",\"target\":{\"@type\":\"EntryPoint\",\"urlTemplate\":\"https:\\\/\\\/www.apuestasbono.com\\\/cl\\\/?s={search_term_string}\"},\"query-input\":{\"@type\":\"PropertyValueSpecification\",\"valueRequired\":true,\"valueName\":\"search_term_string\"}}],\"inLanguage\":\"es-CL\"}]}<\/script>\n<!-- \/ Yoast SEO Premium plugin. -->","yoast_head_json":{"title":"Cont\u00e1ctanos - Apuestas Bono Chile","description":"Cont\u00e1ctanos en ApuestaBonos.com Chile para consultas de afiliaci\u00f3n, compliance o colaborar como tipster. Respuesta r\u00e1pida. Escr\u00edbenos hoy.","robots":{"index":"index","follow":"follow","max-snippet":"max-snippet:-1","max-image-preview":"max-image-preview:large","max-video-preview":"max-video-preview:-1"},"canonical":"https:\/\/www.apuestasbono.com\/cl\/contactanos\/","og_locale":"es_ES","og_type":"article","og_title":"Cont\u00e1ctanos","og_description":"Cont\u00e1ctanos en ApuestaBonos.com Chile para consultas de afiliaci\u00f3n, compliance o colaborar como tipster. Respuesta r\u00e1pida. Escr\u00edbenos hoy.","og_url":"https:\/\/www.apuestasbono.com\/cl\/contactanos\/","og_site_name":"Apuestas Bono Chile","og_image":[{"width":1077,"height":409,"url":"https:\/\/www.apuestasbono.com\/cl\/wp-content\/uploads\/sites\/4\/2025\/11\/Forma-reciente-y-datos-de-xG-\u2013-Hoffenheim-contra-RB-Leipzig-Hoffenheim-contra-RB-Leipzig-\u2013-Bundesliga-8-de-noviembre-de-2025-15.30-CET.jpg","type":"image\/jpeg"}],"twitter_card":"summary_large_image","twitter_misc":{"Tiempo estimado de lectura":"2 minutos"},"schema":{"@context":"https:\/\/schema.org","@graph":[{"@type":"WebPage","@id":"https:\/\/www.apuestasbono.com\/cl\/contactanos\/","url":"https:\/\/www.apuestasbono.com\/cl\/contactanos\/","name":"Cont\u00e1ctanos - Apuestas Bono Chile","isPartOf":{"@id":"https:\/\/www.apuestasbono.com\/cl\/#website"},"primaryImageOfPage":{"@id":"https:\/\/www.apuestasbono.com\/cl\/contactanos\/#primaryimage"},"image":{"@id":"https:\/\/www.apuestasbono.com\/cl\/contactanos\/#primaryimage"},"thumbnailUrl":"https:\/\/www.apuestasbono.com\/es\/wp-content\/uploads\/sites\/2\/2025\/08\/Apuestabonos-contactanos-white-green-300x64.png","datePublished":"2025-08-11T16:19:41+00:00","description":"Cont\u00e1ctanos en ApuestaBonos.com Chile para consultas de afiliaci\u00f3n, compliance o colaborar como tipster. Respuesta r\u00e1pida. Escr\u00edbenos hoy.","breadcrumb":{"@id":"https:\/\/www.apuestasbono.com\/cl\/contactanos\/#breadcrumb"},"inLanguage":"es-CL","potentialAction":[{"@type":"ReadAction","target":["https:\/\/www.apuestasbono.com\/cl\/contactanos\/"]}]},{"@type":"ImageObject","inLanguage":"es-CL","@id":"https:\/\/www.apuestasbono.com\/cl\/contactanos\/#primaryimage","url":"https:\/\/www.apuestasbono.com\/es\/wp-content\/uploads\/sites\/2\/2025\/08\/Apuestabonos-contactanos-white-green-300x64.png","contentUrl":"https:\/\/www.apuestasbono.com\/es\/wp-content\/uploads\/sites\/2\/2025\/08\/Apuestabonos-contactanos-white-green-300x64.png"},{"@type":"BreadcrumbList","@id":"https:\/\/www.apuestasbono.com\/cl\/contactanos\/#breadcrumb","itemListElement":[{"@type":"ListItem","position":1,"name":"Home","item":"https:\/\/www.apuestasbono.com\/cl\/"},{"@type":"ListItem","position":2,"name":"Cont\u00e1ctanos"}]},{"@type":"WebSite","@id":"https:\/\/www.apuestasbono.com\/cl\/#website","url":"https:\/\/www.apuestasbono.com\/cl\/","name":"Apuestas Bono Chile","description":"","potentialAction":[{"@type":"SearchAction","target":{"@type":"EntryPoint","urlTemplate":"https:\/\/www.apuestasbono.com\/cl\/?s={search_term_string}"},"query-input":{"@type":"PropertyValueSpecification","valueRequired":true,"valueName":"search_term_string"}}],"inLanguage":"es-CL"}]}},"meta_box":[],"_links":{"self":[{"href":"https:\/\/www.apuestasbono.com\/cl\/wp-json\/wp\/v2\/pages\/407","targetHints":{"allow":["GET"]}}],"collection":[{"href":"https:\/\/www.apuestasbono.com\/cl\/wp-json\/wp\/v2\/pages"}],"about":[{"href":"https:\/\/www.apuestasbono.com\/cl\/wp-json\/wp\/v2\/types\/page"}],"author":[{"embeddable":true,"href":"https:\/\/www.apuestasbono.com\/cl\/wp-json\/wp\/v2\/users\/8"}],"replies":[{"embeddable":true,"href":"https:\/\/www.apuestasbono.com\/cl\/wp-json\/wp\/v2\/comments?post=407"}],"version-history":[{"count":1,"href":"https:\/\/www.apuestasbono.com\/cl\/wp-json\/wp\/v2\/pages\/407\/revisions"}],"predecessor-version":[{"id":408,"href":"https:\/\/www.apuestasbono.com\/cl\/wp-json\/wp\/v2\/pages\/407\/revisions\/408"}],"wp:attachment":[{"href":"https:\/\/www.apuestasbono.com\/cl\/wp-json\/wp\/v2\/media?parent=407"}],"curies":[{"name":"wp","href":"https:\/\/api.w.org\/{rel}","templated":true}]}}